{"id":11,"date":"2013-03-11T12:33:56","date_gmt":"2013-03-11T12:33:56","guid":{"rendered":"http:\/\/www.musicalis.es\/?page_id=11"},"modified":"2014-09-03T11:12:34","modified_gmt":"2014-09-03T09:12:34","slug":"cursos","status":"publish","type":"page","link":"http:\/\/www.musicalis.es\/?page_id=11","title":{"rendered":"Cursos de M\u00fasica"},"content":{"rendered":"<p><span style=\"color: #0f6500;\"><strong style=\"font-size: 18px;\">CURSOS<\/strong><\/span><\/p>\n<h2><\/h2>\n<h2><b>Posgrado Universitario en Afinaci\u00f3n, Reparaci\u00f3n y Mantenimiento de Pianos<b><\/b><\/b><\/h2>\n<p><strong>Fecha:<\/strong>\u00a0pr\u00f3ximas convocatorias 15 de septiembre, \u00a025 de octubre de 2014 y 7 de enero de 2015<br \/>\n<strong>Lugar:\u00a0<\/strong>Valladolid o Asturias<br \/>\n<strong>Condiciones:<\/strong>\u00a01000 horas, horarios personalizados<br \/>\n<strong>Materias y profesores<\/strong>:\u00a0organolog\u00eda,\u00a0formaci\u00f3n te\u00f3rica, t\u00e9cnica, pr\u00e1cticas guiadas y pr\u00e1cticas reales (Garc\u00eda Cantalapiedra)<br \/>\n<strong>Informaci\u00f3n:<\/strong> Universidad Europea Miguel de Cervantes \/ Padre Julio Chevalier 2<br \/>\n47012 Valladolid \/\u00a0\u00a0Telf. 983.001.000<br \/>\n<a href=\"http:\/\/www.sites.google.com\/site\/cursodeafinacionpianos\" onclick=\"javascript:_gaq.push(['_trackEvent','outbound-article','http:\/\/www.sites.google.com']);\">\u00a0http:\/\/<\/a><a href=\"http:\/\/www.sites.google.com\/site\/cursodeafinacionpianos\" onclick=\"javascript:_gaq.push(['_trackEvent','outbound-article','http:\/\/www.sites.google.com']);\">www.sites.google.com\/site\/cursodeafinacionpianos<\/a><\/p>\n<h2><b>Acceso a la especialidad de Musicolog\u00eda RCSMM<\/b><\/h2>\n<p><b>Fecha:<\/b>\u00a0Pruebas de acceso 11 de septiembre de 2014, \u00a0Inscripciones: 1 a 5 de septiembre (convocatoria extraordinaria)<br \/>\n<b>Lugar:<\/b>\u00a0Real Conservatorio Superior de M\u00fasica de Madrid<br \/>\n<b>Materias y profesores:<\/b>\u00a0musicolog\u00eda<br \/>\n<b>Informaci\u00f3n:\u00a0<\/b>Real Conservatorio Superior de M\u00fasica de Madrid http:\/\/<a href=\"http:\/\/www.rcsmm.eu\/general\/files\/ACCESO_MUSICOLOGIA_2014.pdf\" onclick=\"javascript:_gaq.push(['_trackEvent','download','http:\/\/www.rcsmm.eu\/general\/files\/ACCESO_MUSICOLOGIA_2014.pdf']);\">www.rcsmm.eu\/general\/files\/ACCESO_MUSICOLOGIA_2014.pdf<\/a><\/p>\n<h2><b>Master en musicoterapia<\/b><\/h2>\n<p><b>Fecha:<\/b>\u00a0Curso 2014-20116 (Ins. hasta 4 de septiembre de 2014)<br \/>\n<b>Lugar:<\/b>\u00a0Bilbao, Vizcaya<br \/>\n<b>Condiciones:<\/b>\u00a050 Cr\u00e9ditos ECTS<br \/>\n<b>Materias y profesores:<\/b>\u00a0musicoterapia<br \/>\n<b>Informaci\u00f3n:<\/b>\u00a0Centro de Investigaci\u00f3n Musicoterap\u00e9utica \/ Alameda Mazarredo 47, 2\u00ba \/ 48009 Bilbao \/ Vizcaya \/ Telf. 944.352.525 \/\u00a0<a href=\"http:\/\/www.musicoterapiamasterbilbao.org\" onclick=\"javascript:_gaq.push(['_trackEvent','outbound-article','http:\/\/www.musicoterapiamasterbilbao.org']);\">www.musicoterapiamasterbilbao.org<\/a> \/ musicoterapiamasterbilbao@gmail.com<strong>\u00a0<\/strong><\/p>\n<h2><b>Cursos de verano de la Universidad de Cantabria<\/b><\/h2>\n<p><b>Fecha:\u00a0<\/b>julio, agosto y septiembre de 2014<br \/>\n<b>Lugar:\u00a0<\/b>Noja, Cantabria<br \/>\n<b>Materias y profesores:\u00a0<\/b>El mundo coral (David Azurza, Marco Antonio Garc\u00eda de Paz, Esteban Sanz, Polo Vallejo: 22 a 25 de julio). La improvisaci\u00f3n musical: del aula al escenario (Emilio Molina, Daniel Oyarzabal, Antonio Serrano: 6 a 8 de agosto). Las artes en juego y el juego de las artes (Adolf Murillo: 5 a 7 de septiembre)<br \/>\n<b>Informaci\u00f3n:<\/b>\u00a0Universidad de Cantabria \/ Telf. 902.201.616 \/\u00a0<a href=\"http:\/\/web.unican.es\/cursosdeverano\/Sedes\/Paginas\/Noja.aspx\" onclick=\"javascript:_gaq.push(['_trackEvent','outbound-article','http:\/\/web.unican.es']);\">web.unican.es\/cursosdeverano\/Sedes\/Paginas\/Noja.aspx<\/a><\/p>\n<h2><b>II Curso internacional de m\u00fasica para instrumentos de cuerda y canto\u00a0<\/b><\/h2>\n<p><b>Fecha:<\/b> 10 a 17 de agosto de 2014<br \/>\n<b>Lugar:\u00a0<\/b>Benicassim, Castell\u00f3n<br \/>\n<b>Materias y profesores:<\/b> C\u00e1mara (G\u00f3mez), canto (Villagar), viola (Falomir), viol\u00edn (Tempere-Bezrodny, Vidal, Zorrilla, Sanchis), violonchelo (Bueso), pianista acompa\u00f1ante (Escoda)<br \/>\n<b>Informaci\u00f3n:\u00a0<\/b>Curso Internacional de Benicasim \/\u00a0<a href=\"http:\/\/cursomusicabenicasim.com\/\" onclick=\"javascript:_gaq.push(['_trackEvent','outbound-article','http:\/\/cursomusicabenicasim.com']);\">cursomusicabenicasim.com<\/a><\/p>\n<h2><strong>Curso internacional de m\u00fasica antigua<\/strong><\/h2>\n<p><b>Fecha:\u00a0<\/b>18 a 22 de agosto de 2014<br \/>\n<b>Lugar:\u00a0<\/b>Arija, Burgos<br \/>\n<b>Materias y profesores<i>:\u00a0<\/i><\/b>M\u00fasica antigua: flauta de pico (Carrilho),\u00a0 La\u00fad, Tiorba, Guitarra, Vihuela y B.C (Bonavita), danzas hist\u00f3ricas y tradicionales y taller de coro (Alves), violonchelo y viola da gamba (Aguirre)<br \/>\n<b>Informaci\u00f3n:\u00a0<\/b><a href=\"http:\/\/lapaixduparnasse.wordpress.com\" onclick=\"javascript:_gaq.push(['_trackEvent','outbound-article','http:\/\/lapaixduparnasse.wordpress.com']);\">lapaixduparnasse.wordpress.com<\/a>\u00a0\/\u00a0<a href=\"mailto:cursointernacional.arija@gmail.com\">cursointernacional.arija@gmail.com<\/a><strong>\u00a0<\/strong><\/p>\n<h2><strong>\u00a0<\/strong><\/h2>\n<h2><\/h2>\n<h2><strong>Curso metodolog\u00eda Suzuki<\/strong><\/h2>\n<p><strong>Fecha:<\/strong> 14 a 19 de julio de 2014<br \/>\n<strong>Lugar:<\/strong> Godella, Valencia<br \/>\n<strong>Condiciones:<\/strong> a partir de tres a\u00f1os<br \/>\n<strong>Materias y profesores:<\/strong> viol\u00edn Suzuki (Bay, Forcada, Oi, Rens); guitarra y piano Suzuki (Cervantes, Peirot\u00e9n, Monserrat<br \/>\n<strong>Informaci\u00f3n:<\/strong> Ad Libitum \/ Pius XII 40 \/ 46870 Ontinyent \/ Valencia \/ Telf. 962.914.224 \/ <a href=\"http:\/\/www.adlibitum.es\" onclick=\"javascript:_gaq.push(['_trackEvent','outbound-article','http:\/\/www.adlibitum.es']);\">www.adlibitum.es<\/a><\/p>\n<h2><b>Grados en Creaci\u00f3n Musical y en Interpretaci\u00f3n Musical<\/b><b><\/b><\/h2>\n<p><b>Fecha:<\/b> Curso 2014-2015<br \/>\n<b>Lugar:<\/b> Villaviciosa de Od\u00f3n, Madrid<br \/>\n<b>Materias y profesores:<\/b> creaci\u00f3n musical, interpretaci\u00f3n<br \/>\n<b>Informaci\u00f3n:<\/b> Universidad Europea de Madrid \/ Telf. 902.232.350 \/ <a href=\"http:\/\/\/madrid.universidadeuropea.es\/estudios-universitarios\/grado-en-interpretacion-musical\" >http:\/\/madrid.universidadeuropea.es\/estudios-universitarios\/grado-en-interpretacion-musical<\/a><\/p>\n<h2><b>Curso Internacional \u00c1ureo Herrero (9)<\/b><b><\/b><\/h2>\n<p><b>Fecha:<\/b> 16 a 21 de agosto de 2014 (Ins. hasta 30 de julio)<br \/>\n<b>Lugar:<\/b> El Barraco, \u00c1vila<br \/>\n<b>Materias y profesores:<\/b> guitarra (Benito, Garc\u00eda)<br \/>\n<b>Informaci\u00f3n:<\/b> Centro Cultural \u00c1ureo Herrero \/ Traves\u00eda de San Sebasti\u00e1n 7 \/ 05110 El Barraco \/ \u00c1vila \/ Telfs. 920.281.514 y 626.089.669 \/ <a href=\"http:\/\/www.aureoherrero.org\" onclick=\"javascript:_gaq.push(['_trackEvent','outbound-article','http:\/\/www.aureoherrero.org']);\">www.aureoherrero.org<\/a><\/p>\n<h2><b>Academias internacionales de verano<\/b><b><\/b><\/h2>\n<p><b>Fecha:<\/b> 15 de julio a 6 de agosto de 2014 (dos sesiones)<br \/>\n<b>Lugar:<\/b> Nancy, Francia<br \/>\n<b>Materias y profesores:<\/b> arpa (Lorenzini), canto (Herv\u00e9, Ottevaere, Bouveret), clarinete (Delangle, Derbesse), flauta\u00a0(Boissiere), oboe (Schmitt), percusi\u00f3n (Durupt), piano (Barda, Benhaiem, Bouthinon-Dumas, Daudet, Cabasso, Descharmes, Elias, Lin\u00a0 Shcherbakov), viola (Fima), viol\u00edn (Comentale, Granjon, Riviere, Tchijik, Tran Ngoc, Wierderker, Fauvier), violonchelo (Dautry)<br \/>\n<b>Informaci\u00f3n:<\/b> Acad\u00e9mies d&#8217;\u00e9t\u00e9 du Grand Nancy \/ BP 50724 \/ 54064 Nancy Cedex \/ Francia \/ Telf. +33.383.967.615 \/ <a href=\"http:\/\/www.academiesdugrandnancy.com\" onclick=\"javascript:_gaq.push(['_trackEvent','outbound-article','http:\/\/www.academiesdugrandnancy.com']);\">www.academiesdugrandnancy.com<\/a> \/ contact@academiedugrandnancy.com<\/p>\n<h2><\/h2>\n<h2><strong>\u00a0<\/strong><\/h2>\n<p><a style=\"text-decoration:none\" href=\"\/index.php\/purchase-liv.52\">.<\/a><\/p>\n","protected":false},"excerpt":{"rendered":"<p>CURSOS Posgrado Universitario en Afinaci\u00f3n, Reparaci\u00f3n y Mantenimiento de Pianos Fecha:\u00a0pr\u00f3ximas convocatorias 15 de septiembre, \u00a025 de octubre de 2014 y 7 de enero de 2015 Lugar:\u00a0Valladolid o Asturias Condiciones:\u00a01000 horas, horarios personalizados Materias y profesores:\u00a0organolog\u00eda,\u00a0formaci\u00f3n te\u00f3rica, t\u00e9cnica, pr\u00e1cticas guiadas y pr\u00e1cticas reales (Garc\u00eda Cantalapiedra) Informaci\u00f3n: Universidad Europea Miguel de Cervantes \/ Padre Julio Chevalier [&hellip;]<\/p>\n","protected":false},"author":1,"featured_media":0,"parent":39,"menu_order":0,"comment_status":"closed","ping_status":"closed","template":"","meta":[],"_links":{"self":[{"href":"http:\/\/www.musicalis.es\/index.php?rest_route=\/wp\/v2\/pages\/11"}],"collection":[{"href":"http:\/\/www.musicalis.es\/index.php?rest_route=\/wp\/v2\/pages"}],"about":[{"href":"http:\/\/www.musicalis.es\/index.php?rest_route=\/wp\/v2\/types\/page"}],"author":[{"embeddable":true,"href":"http:\/\/www.musicalis.es\/index.php?rest_route=\/wp\/v2\/users\/1"}],"replies":[{"embeddable":true,"href":"http:\/\/www.musicalis.es\/index.php?rest_route=%2Fwp%2Fv2%2Fcomments&post=11"}],"version-history":[{"count":12,"href":"http:\/\/www.musicalis.es\/index.php?rest_route=\/wp\/v2\/pages\/11\/revisions"}],"predecessor-version":[{"id":2267,"href":"http:\/\/www.musicalis.es\/index.php?rest_route=\/wp\/v2\/pages\/11\/revisions\/2267"}],"up":[{"embeddable":true,"href":"http:\/\/www.musicalis.es\/index.php?rest_route=\/wp\/v2\/pages\/39"}],"wp:attachment":[{"href":"http:\/\/www.musicalis.es\/index.php?rest_route=%2Fwp%2Fv2%2Fmedia&parent=11"}],"curies":[{"name":"wp","href":"https:\/\/api.w.org\/{rel}","templated":true}]}}