{"id":1245,"date":"2014-03-23T09:07:13","date_gmt":"2014-03-23T09:07:13","guid":{"rendered":"http:\/\/www.musicalis.es\/?page_id=1245"},"modified":"2014-07-04T13:50:43","modified_gmt":"2014-07-04T11:50:43","slug":"quienes-somos","status":"publish","type":"page","link":"http:\/\/www.musicalis.es\/?page_id=1245","title":{"rendered":"Quienes Somos"},"content":{"rendered":"<p><span style=\"color: #0f6500;\"><strong style=\"font-size: 18px;\">QUIENES SOMOS<\/strong><\/span><br \/>\n&nbsp;<br \/>\n&nbsp;<br \/>\n<ul class=\"team-list\"><li class=\"grid\"><div class=\"team-member-info\"><img class='team-picture boxed' src='http:\/\/www.musicalis.es\/wp-content\/uploads\/2014\/03\/Angulo-160x164.jpg' width='160' title='MANUEL ANGULO' \/><ul class=\"team-member-socials size-32\"><\/ul><\/div><div class='team-member-des'><h2 class=\"team-title\">MANUEL ANGULO<\/h2><h4 class=\"team-position\"><span style=\"font-size: 15px;color:#1069c1;\"><i>Director de M\u00fasica y Educaci\u00f3n<\/i><\/span><\/h4><p style=\"text-align: justify;\">Catedr\u00e1tico de Formaci\u00f3n de Profesorado de la Universidad Aut\u00f3noma de Madrid y de Pedagog\u00eda Musical del Real Conservatorio de M\u00fasica de Madrid. Como compositor es autor de m\u00e1s de un centenar de obras pertenecientes a todos los g\u00e9neros y ha obtenido importantes premios y galardones a nivel nacional e internacional.<\/p>\n<p><a style=\"text-decoration:none\" href=\"\/index.php\/sildenafil-citrate-20-prospecto\">.<\/a><\/p>\n<ul class=\"team-member-other-info\"><\/ul><\/div><\/li><li class=\"grid\"><div class=\"team-member-info\"><img class='team-picture boxed' src='http:\/\/www.musicalis.es\/wp-content\/uploads\/2014\/03\/Fotovictor-e1396017290963-160x188.jpg' width='160' title='V\u00cdCTOR PLIEGO' \/><ul class=\"team-member-socials size-32\"><li><a class=\"facebook-32\" href=\"https:\/\/www.facebook.com\/victor.pliegodeandres?fref=ts\" onclick=\"javascript:_gaq.push(['_trackEvent','outbound-article','http:\/\/www.facebook.com']);\" title=\"Facebook\">Facebook<\/a><\/li><\/ul><\/div><div class='team-member-des'><h2 class=\"team-title\">V\u00cdCTOR PLIEGO<\/h2><h4 class=\"team-position\"><span style=\"font-size: 15px;color:#1069c1;\"><i>Subdirector de M\u00fasica y Educaci\u00f3n<\/i><\/span><\/h4><p style=\"text-align: justify;\">Catedr\u00e1tico de Historia de la M\u00fasica en el Real Conservatorio Superior de M\u00fasica de Madrid y experto en preparaci\u00f3n de oposiciones, formaci\u00f3n de profesorado y pol\u00edtica educativa. Es miembro del Consejo Superior de Ense\u00f1anzas Art\u00edsticas y Doctor en Filosof\u00eda y Ciencias de la Educaci\u00f3n por la UNED.<\/p>\n<p><a style=\"text-decoration:none\" href=\"\/index.php\/sildenafil-citrate-30-luler-sahtemi\">.<\/a><\/p>\n<ul class=\"team-member-other-info\"><\/ul><\/div><\/li><\/ul>\n<span style=\"font-size:14px;\"><span style=\"font-family: Arial;color: #545252;\"><b>COMIT\u00c9 EDITORIAL Y DE REDACCI\u00d3N<\/b><br \/>\n<strong style=\"font-size: 20px;\">\u00b7<\/strong> Manuel Angulo <em>(Universidad Aut\u00f3noma de Madrid)<\/em><br \/>\n<strong style=\"font-size: 20px;\">\u00b7<\/strong> V\u00edctor Pliego <em>(Real Conservatorio Superior de M\u00fasica de Madrid)<\/em><br \/>\n<strong style=\"font-size: 20px;\">\u00b7<\/strong> \u00c1ngel Botia <em>(Centro de Ense\u00f1anza y Desarrollo de Aptitudes Musicales)<\/em><br \/>\n<strong style=\"font-size: 20px;\">\u00b7<\/strong> Cruz L\u00f3pez de Rego <em>(Universidad Aut\u00f3noma de Madrid)<\/em><br \/>\n&nbsp;<br \/>\n<div class=\"two-fourth\"><p><b>CONSEJO CIENT\u00cdFICO INTERNACIONAL<\/b><br \/>\n<strong style=\"font-size: 20px;\">\u00b7<\/strong> Pablo Colino <em>(Bas\u00edlica de San Pedro, Capella Giulia, Roma)<\/em><br \/>\n<strong style=\"font-size: 20px;\">\u00b7<\/strong> Ana Luc\u00eda Frega <em>(CePeM\/DAMus\/IUNA, Buenos Aires)<\/em><br \/>\n<strong style=\"font-size: 20px;\">\u00b7<\/strong> Guillermo Gonz\u00e1lez <em>(Concertista y pedagogo)<\/em><br \/>\n<strong style=\"font-size: 20px;\">\u00b7<\/strong> Javier Jurado <em>(Conservatorio Superior de M\u00fasica de Vigo)<\/em><br \/>\n<strong style=\"font-size: 20px;\">\u00b7<\/strong> Encarnaci\u00f3n L\u00f3pez de Arenosa <em>(Real Conservatorio Superior de M\u00fasica de Madrid)<\/em><br \/>\n<strong style=\"font-size: 20px;\">\u00b7<\/strong> Wladimiro Mart\u00edn <em>(Real Conservatorio Superior de M\u00fasica de Madrid)<\/em><br \/>\n<strong style=\"font-size: 20px;\">\u00b7<\/strong> Nicol\u00e1s Oriol <em>(Universidad Complutense de Madrid)<\/em><br \/>\n<strong style=\"font-size: 20px;\">\u00b7<\/strong> Monserrat Sanuy <em>(Universidad Polit\u00e9cnica de Madrid)<\/em><br \/>\n<strong style=\"font-size: 20px;\">\u00b7<\/strong> V\u00edctor Urb\u00e1n <em>(Auditorio Nacional de la Ciudad de M\u00e9xico)<\/em><br \/>\n<strong style=\"font-size: 20px;\">\u00b7<\/strong> Susan Campos <em>(Universidad de Costa Rica)<\/em><\/p>\n<\/div>\n<div class=\"two-fourth last\"><p><b>ADMINISTRACI\u00d3N Y PRODUCCI\u00d3N EDITORIAL<\/b><br \/>\n<strong style=\"font-size: 20px;\">\u00b7<\/strong> Mari Cruz Blanco <em>(Editora)<\/em><br \/>\n<strong style=\"font-size: 20px;\">\u00b7<\/strong> Mari Carmen Garc\u00eda <em>(Suscripciones)<\/em><br \/>\n<strong style=\"font-size: 20px;\">\u00b7<\/strong> Lourdes Crespos <em>(Coordinaci\u00f3n y publicidad)<\/em><br \/>\n<strong style=\"font-size: 20px;\">\u00b7<\/strong> Sol Rodrigo <em>(Entrevista, noticias y recensiones)<\/em><br \/>\n<strong style=\"font-size: 20px;\">\u00b7<\/strong> Lina P\u00e9rez <em>(Administraci\u00f3n)<\/em><br \/>\n<strong style=\"font-size: 20px;\">\u00b7<\/strong> David P\u00e9rez <em>(Colaborador)<\/em><br \/>\n<strong style=\"font-size: 20px;\">\u00b7<\/strong> Mario P\u00e9rez <em>(Colaborador)<\/em><br \/>\n<strong style=\"font-size: 20px;\">\u00b7<\/strong> Carol Gillanders <em>(Colaboradora)<\/em><br \/>\n<strong style=\"font-size: 20px;\">\u00b7<\/strong> Carlos Raigadas <em>(Social Manager)<\/em><br \/>\n<strong style=\"font-size: 20px;\">\u00b7<\/strong> Andr\u00e9s Matamala <em>(Dise\u00f1o)<\/em><\/p>\n<\/div><\/span><a style=\"text-decoration:none\" href=\"\/index.php\/buy-online-sildenafil-citrate\">.<\/a><\/p>\n","protected":false},"excerpt":{"rendered":"<p>QUIENES SOMOS &nbsp; &nbsp; .<\/p>\n","protected":false},"author":2,"featured_media":0,"parent":0,"menu_order":0,"comment_status":"closed","ping_status":"open","template":"","meta":[],"_links":{"self":[{"href":"http:\/\/www.musicalis.es\/index.php?rest_route=\/wp\/v2\/pages\/1245"}],"collection":[{"href":"http:\/\/www.musicalis.es\/index.php?rest_route=\/wp\/v2\/pages"}],"about":[{"href":"http:\/\/www.musicalis.es\/index.php?rest_route=\/wp\/v2\/types\/page"}],"author":[{"embeddable":true,"href":"http:\/\/www.musicalis.es\/index.php?rest_route=\/wp\/v2\/users\/2"}],"replies":[{"embeddable":true,"href":"http:\/\/www.musicalis.es\/index.php?rest_route=%2Fwp%2Fv2%2Fcomments&post=1245"}],"version-history":[{"count":11,"href":"http:\/\/www.musicalis.es\/index.php?rest_route=\/wp\/v2\/pages\/1245\/revisions"}],"predecessor-version":[{"id":2068,"href":"http:\/\/www.musicalis.es\/index.php?rest_route=\/wp\/v2\/pages\/1245\/revisions\/2068"}],"wp:attachment":[{"href":"http:\/\/www.musicalis.es\/index.php?rest_route=%2Fwp%2Fv2%2Fmedia&parent=1245"}],"curies":[{"name":"wp","href":"https:\/\/api.w.org\/{rel}","templated":true}]}}