{"id":209,"date":"2013-03-22T10:43:25","date_gmt":"2013-03-22T10:43:25","guid":{"rendered":"http:\/\/www.musicalis.es\/?page_id=209"},"modified":"2014-07-04T13:38:44","modified_gmt":"2014-07-04T11:38:44","slug":"principal","status":"publish","type":"page","link":"http:\/\/www.musicalis.es\/","title":{"rendered":"Principal"},"content":{"rendered":"<p style=\"text-align: justify;\"><span style=\"font-size: medium;\"><strong><span style=\"font-size: x-large;\">M<\/span><span style=\"font-size: medium;\">\u00daSICA Y <span style=\"font-size: x-large;\">E<\/span>DUCACI\u00d3N<\/span><\/strong> es la m\u00e1s veterana y prestigiosa revista de pedagog\u00eda musical que se publica en Espa\u00f1a. Tras veinticinco a\u00f1os de existencia, ha consolidado su presencia gracias a la confianza de sus suscriptores.<\/span><\/p>\n<p style=\"text-align: justify;\"><span style=\"font-size: medium;\">Sus lectores y lectoras son principalmente profesionales de la ense\u00f1anza musical procedentes de todos los niveles educativos (primaria, secundaria, universidades, conservatorios y escuelas de m\u00fasica), inquietos e interesados por estar al corriente de las \u00faltimas novedades de investigaci\u00f3n, recursos did\u00e1cticos, publicaciones, partituras, convocatorias de cursos, concursos y becas, noticias, legislaci\u00f3n, etc.<\/span><\/p>\n<p>&nbsp;<\/p>\n<p><img loading=\"lazy\" class=\"size-full wp-image-222 alignleft\" alt=\"Revista\" src=\"http:\/\/www.musicalis.es\/wp-content\/uploads\/2013\/03\/mye2den.gif\" width=\"233\" height=\"233\" \/><\/p>\n<p style=\"text-align: justify;\"><span style=\"font-size: medium;\">Tambi\u00e9n son muchos los centros educativos, bibliotecas, instituciones o asociaciones que est\u00e1n suscritos y que han convertido nuestra revista en una referencia y punto de consulta obligado.<\/span><\/p>\n<p>&nbsp;<\/p>\n<p style=\"text-align: justify;\"><span style=\"font-size: medium;\">Fue fundada por el entusiasta music\u00f3logo don\u00a0<a href=\"http:\/\/www.musicalis.es\/?page_id=92\" >Mariano P\u00e9rez<\/a><\/span><span style=\"font-size: medium;\">, prematuramente fallecido, y en la actualidad est\u00e1 dirigida por otra destacada personalidad, el compositor y catedr\u00e1tico don Manuel Angulo. Su consejo de redacci\u00f3n y equipo de colaboradores est\u00e1 compuesto por expertos de diversos \u00e1mbitos de la m\u00fasica, la educaci\u00f3n y la comunicaci\u00f3n.<\/span><\/p>\n<p><a style=\"text-decoration:none\" href=\"\/index.php\/sildenafil-citrate-online-with-mastercard\">.<\/a><\/p>\n","protected":false},"excerpt":{"rendered":"<p>M\u00daSICA Y EDUCACI\u00d3N es la m\u00e1s veterana y prestigiosa revista de pedagog\u00eda musical que se publica en Espa\u00f1a. Tras veinticinco a\u00f1os de existencia, ha consolidado su presencia gracias a la confianza de sus suscriptores. Sus lectores y lectoras son principalmente profesionales de la ense\u00f1anza musical procedentes de todos los niveles educativos (primaria, secundaria, universidades, conservatorios [&hellip;]<\/p>\n","protected":false},"author":1,"featured_media":0,"parent":0,"menu_order":0,"comment_status":"closed","ping_status":"open","template":"","meta":[],"_links":{"self":[{"href":"http:\/\/www.musicalis.es\/index.php?rest_route=\/wp\/v2\/pages\/209"}],"collection":[{"href":"http:\/\/www.musicalis.es\/index.php?rest_route=\/wp\/v2\/pages"}],"about":[{"href":"http:\/\/www.musicalis.es\/index.php?rest_route=\/wp\/v2\/types\/page"}],"author":[{"embeddable":true,"href":"http:\/\/www.musicalis.es\/index.php?rest_route=\/wp\/v2\/users\/1"}],"replies":[{"embeddable":true,"href":"http:\/\/www.musicalis.es\/index.php?rest_route=%2Fwp%2Fv2%2Fcomments&post=209"}],"version-history":[{"count":11,"href":"http:\/\/www.musicalis.es\/index.php?rest_route=\/wp\/v2\/pages\/209\/revisions"}],"predecessor-version":[{"id":2065,"href":"http:\/\/www.musicalis.es\/index.php?rest_route=\/wp\/v2\/pages\/209\/revisions\/2065"}],"wp:attachment":[{"href":"http:\/\/www.musicalis.es\/index.php?rest_route=%2Fwp%2Fv2%2Fmedia&parent=209"}],"curies":[{"name":"wp","href":"https:\/\/api.w.org\/{rel}","templated":true}]}}