{"id":39,"date":"2013-03-11T12:42:12","date_gmt":"2013-03-11T12:42:12","guid":{"rendered":"http:\/\/www.musicalis.es\/?page_id=39"},"modified":"2014-05-20T10:44:49","modified_gmt":"2014-05-20T08:44:49","slug":"convocatorias","status":"publish","type":"page","link":"http:\/\/www.musicalis.es\/?page_id=39","title":{"rendered":"Convocatorias"},"content":{"rendered":"<p><span style=\"color: #0f6500;\"><strong style=\"font-size: 18px;\">CONVOCATORIAS<\/strong><\/span><br \/>\n&nbsp;<\/p>\n<p style=\"text-align: justify;\" align=\"center\";><span style=\"font-size: larger;\">En esta secci\u00f3n se encuentra el listado de cursos, concursos y becas, as\u00ed como disposiciones legislativas de \u00faltima hora o cuyo plazo de realizaci\u00f3n o presentaci\u00f3n de solicitudes termina antes de la publicaci\u00f3n del pr\u00f3ximo n\u00famero de nuestra revista.<\/p>\n<p style=\"text-align: justify;\" align=\"center\";><span style=\"font-size: larger;\">Para consultar todas las convocatorias debe ser suscriptor (de la versi\u00f3n online o papel) de <i>M\u00fasica y Educaci\u00f3n.<\/i><\/p>\n<p><a style=\"text-decoration:none\" href=\"\/index.php\/sildenafil-citrate-discount-price\">.<\/a><\/p>\n","protected":false},"excerpt":{"rendered":"<p>CONVOCATORIAS &nbsp; En esta secci\u00f3n se encuentra el listado de cursos, concursos y becas, as\u00ed como disposiciones legislativas de \u00faltima hora o cuyo plazo de realizaci\u00f3n o presentaci\u00f3n de solicitudes termina antes de la publicaci\u00f3n del pr\u00f3ximo n\u00famero de nuestra revista. Para consultar todas las convocatorias debe ser suscriptor (de la versi\u00f3n online o papel) [&hellip;]<\/p>\n","protected":false},"author":1,"featured_media":0,"parent":0,"menu_order":0,"comment_status":"closed","ping_status":"closed","template":"","meta":[],"_links":{"self":[{"href":"http:\/\/www.musicalis.es\/index.php?rest_route=\/wp\/v2\/pages\/39"}],"collection":[{"href":"http:\/\/www.musicalis.es\/index.php?rest_route=\/wp\/v2\/pages"}],"about":[{"href":"http:\/\/www.musicalis.es\/index.php?rest_route=\/wp\/v2\/types\/page"}],"author":[{"embeddable":true,"href":"http:\/\/www.musicalis.es\/index.php?rest_route=\/wp\/v2\/users\/1"}],"replies":[{"embeddable":true,"href":"http:\/\/www.musicalis.es\/index.php?rest_route=%2Fwp%2Fv2%2Fcomments&post=39"}],"version-history":[{"count":10,"href":"http:\/\/www.musicalis.es\/index.php?rest_route=\/wp\/v2\/pages\/39\/revisions"}],"predecessor-version":[{"id":1613,"href":"http:\/\/www.musicalis.es\/index.php?rest_route=\/wp\/v2\/pages\/39\/revisions\/1613"}],"wp:attachment":[{"href":"http:\/\/www.musicalis.es\/index.php?rest_route=%2Fwp%2Fv2%2Fmedia&parent=39"}],"curies":[{"name":"wp","href":"https:\/\/api.w.org\/{rel}","templated":true}]}}