{"id":61,"date":"2013-03-11T15:47:47","date_gmt":"2013-03-11T15:47:47","guid":{"rendered":"http:\/\/www.musicalis.es\/?page_id=61"},"modified":"2014-11-28T16:26:24","modified_gmt":"2014-11-28T14:26:24","slug":"entrevistas","status":"publish","type":"page","link":"http:\/\/www.musicalis.es\/?page_id=61","title":{"rendered":"Entrevistas"},"content":{"rendered":"<p><span style=\"color: #0f6500;\"><strong style=\"font-size: 18px;\">ENTREVISTAS<\/strong><\/span><br \/>\n&nbsp;<\/p>\n<ul>\n<li><span style=\"color: #800000;\">Aharoni\u00e1n, Cori\u00fan.<\/span> Vol. 24, 2 (junio 2011). N\u00fam. 86. P\u00e1g. 7-10<\/li>\n<li><span style=\"color: #800000;\">Aij\u00f3n, Alfonso.<\/span> Vol. 15, 3 (octubre 2002). N\u00fam. 51. P\u00e1gs. 7-13<\/li>\n<li><span style=\"color: #800000;\">Alonso, Od\u00f3n.<\/span> Vol. 11, 2 (junio 1998). N\u00fam. 34. P\u00e1gs. 7-14<\/li>\n<li><span style=\"color: #800000;\">Alonso-Bernaola, Gonzalo.<\/span>\u00a0Vol. 23, 3 (octubre 2010). N\u00fam. 83. P\u00e1gs. 6-18<\/li>\n<li><span style=\"color: #800000;\">\u00c1lvarez, Carlos.<\/span> Vol. 19, 4 (diciembre 2006). N\u00fam. 68. P\u00e1gs. 7-18<\/li>\n<li><span style=\"color: #800000;\">Balada, Leonardo.<\/span> Vol. 9, 1 (abril 1996). N\u00fam. 25. P\u00e1gs. 9-14<\/li>\n<li><span style=\"color: #800000;\">Barce, Ram\u00f3n.<\/span> Vol. 14, 3 (octubre 2001). N\u00fam. 47. P\u00e1gs. 7-12<\/li>\n<li><span style=\"color: #800000;\">Barrio, Isidro.<\/span> Vol. 24, 1 (marzo 2011). N\u00fam. 85. P\u00e1gs. 6-13<\/li>\n<li><span style=\"color: #800000;\">Bautista, Eduardo.<\/span> Vol. 14, 1 (abril 2001). N\u00fam. 45. P\u00e1gs. 7-10<\/li>\n<li><span style=\"color: #800000;\">Berganza, Teresa.<\/span> Vol. 22, 4 (Diciembre 2009). N\u00fam. 80. P\u00e1gs. 6-11<\/li>\n<li><span style=\"color: #800000;\">Bernaola, Carmelo.<\/span> Vol. 9, 2 (junio 1996). N\u00fam. 26. P\u00e1gs. 9-14<\/li>\n<li><span style=\"color: #800000;\">Blanco Rodrigo, Mari Cruz.<\/span> Vol. 27, 4 (diciembre 2014), N\u00fam. 100. P\u00e1gs. 6-14<\/li>\n<li><span style=\"color: #800000;\">Botia, \u00c1ngel.<\/span> Vol. X, 3 (octubre 1997). N\u00fam. 31. P\u00e1gs. 7-13<\/li>\n<li><span style=\"color: #800000;\">Caballero, Lloren\u00e7.<\/span> Vol. 12, 1 (abril 1999). N\u00fam. 37. P\u00e1gs. 7-12<\/li>\n<li><span style=\"color: #800000;\">Calvo-Manzano, Mar\u00eda Rosa.<\/span> Vol. 20, 3 (octubre 2007). N\u00fam. 71. P\u00e1gs. 7-13.)<\/li>\n<li><span style=\"color: #800000;\">Campos Borrego, Jos\u00e9 Antonio.<\/span> Vol. 17, 4 (diciembre 2004). N\u00fam. 60. P\u00e1gs. 7-12<\/li>\n<li><span style=\"color: #800000;\">Carra, Manuel.<\/span> Vol. 11, 1 (abril 1998). N\u00fam. 33. P\u00e1gs. 7-12<\/li>\n<li><span style=\"color: #800000;\">Colino, Pablo (Monse\u00f1or).<\/span> Vol. 21, 2 (junio 2008). N\u00fam. 74. P\u00e1gs. 6-12<\/li>\n<li><span style=\"color: #800000;\">Colomer, Edm\u00f3n.<\/span> Vol. 7, 4 (diciembre 1994). N\u00fam. 20. P\u00e1gs. 9-16<\/li>\n<li><span style=\"color: #800000;\">Cruz de Castro, Carlos.<\/span> Vol. 12, 3 (octubre 1999). N\u00fam. 39. P\u00e1gs. 7-11<\/li>\n<li><span style=\"color: #800000;\">D\u00edaz, Joaqu\u00edn.<\/span> Vol. 19, 1 (marzo 2006). N\u00fam. 65. P\u00e1gs. 7-13<\/li>\n<li><span style=\"color: #800000;\">Encinar, Jos\u00e9 Ram\u00f3n.<\/span> Vol. 20, 4 (diciembre 2007). N\u00fam. 72. P\u00e1gs. 7-18<\/li>\n<li><span style=\"color: #800000;\">Frega, Ana Luc\u00eda.<\/span> Vol. 8, 2 (junio 1995). N\u00fam. 22. P\u00e1gs. 9-14<\/li>\n<li><span style=\"color: #800000;\">Fr\u00fchbeck de Burgos, Rafael.<\/span> Vol. 9, 3 (octubre 1996). N\u00fam. 27. P\u00e1gs. 9-16<\/li>\n<li><span style=\"color: #800000;\">Gallardo del Rey, Jos\u00e9 Mar\u00eda.<\/span> Vol. 27, 4 (diciembre 2014), N\u00fam. 100. P\u00e1gs. 15-24<\/li>\n<li><span style=\"color: #800000;\">Gallego, Antonio.<\/span> Vol. 16, 3 (octubre 2003). N\u00fam. 55. P\u00e1gs.7-15<\/li>\n<li><span style=\"color: #800000;\">Garc\u00eda Abril, Ant\u00f3n.<\/span> Vol. 24, 3 (octubre 2011). N\u00fam. 87. P\u00e1gs. 6-16<\/li>\n<li><span style=\"color: #800000;\">Garc\u00eda Asensio, Enrique.<\/span> Vol. 19, 2 (junio 2006). N\u00fam. 66. P\u00e1gs. 9-13<\/li>\n<li><span style=\"color: #800000;\">Garc\u00eda del Busto, Jos\u00e9 Luis.<\/span> Vol. 21, 3 (octubre 2008). N\u00fam. 75. P\u00e1gs. 6-12<\/li>\n<li><span style=\"color: #800000;\">Garc\u00eda Casas, Julio.<\/span> Vol. 26, 3 (octubre 2013). N\u00fam. 95. P\u00e1gs. 6-12<\/li>\n<li><span style=\"color: #800000;\">Garc\u00eda Casta\u00f1o, Alberto.<\/span> Vol. 23, 4 (diciembre 2010). N\u00fam. 84. P\u00e1gs. 6-16<\/li>\n<li><span style=\"color: #800000;\">G\u00f3mez Amat, Carlos.<\/span> Vol. 18, 4 (diciembre 2005). N\u00fam. 64. P\u00e1gs. 7-13<\/li>\n<li><span style=\"color: #800000;\">Gonz\u00e1lez, Guillermo.<\/span> Vol. 25, 3 (octubre 2012). N\u00fam. 91. P\u00e1gs. 6-17<\/li>\n<li><span style=\"color: #800000;\">Gonz\u00e1lez Acilu, Agust\u00edn.<\/span> Vol. 12, 2 (junio 1999). N\u00fam. 38. P\u00e1gs. 7-12<\/li>\n<li><span style=\"color: #800000;\">Gonz\u00e1lez de Amez\u00faa, Ram\u00f3n.<\/span> Vol. 8, 1 (abril 1995). N\u00fam. 21. P\u00e1gs. 9-14<\/li>\n<li><span style=\"color: #800000;\">Gonz\u00e1lez Sarmiento, Luciano.<\/span> Vol. 15, 4 (diciembre 2002). N\u00fam. 52. P\u00e1gs. 7-13<\/li>\n<li><span style=\"color: #800000;\">Gos\u00e1lvez Lara, Jos\u00e9 Carlos.<\/span> Vol. 18, 1 (marzo 2005). N\u00fam. 61. P\u00e1gs. 7-12<\/li>\n<li><span style=\"color: #800000;\">Groba, Miguel.<\/span> Vol. 16, 4 (diciembre 2003). N\u00fam. 56. P\u00e1gs. 7-11<\/li>\n<li><span style=\"color: #800000;\">Guijarro Malag\u00f3n, Ana.<\/span> Vol. 26, 4 (diciembre 2013). N\u00fam. 96. P\u00e1gs. 6-15<\/li>\n<li><span style=\"color: #800000;\">Halffter, Crist\u00f3bal.<\/span> Vol. 6, 1 (abril 1993). N\u00fam. 13. P\u00e1gs. 9-14<\/li>\n<li><span style=\"color: #800000;\">Hemsy de Gainza, Violeta.<\/span> Vol. 7, 3 (octubre 1994). N\u00fam. 19. P\u00e1gs. 9-14<\/li>\n<li><span style=\"color: #800000;\">Honta\u00f1\u00f3n, Leopoldo.<\/span> Vol. 13, 4 (abril 2000). N\u00fam. 41. P\u00e1gs. 7-12<\/li>\n<li><span style=\"color: #800000;\">Ib\u00e1\u00f1ez, Prudencio.<\/span> Vol. 24, 4 (diciembre 2011). N\u00fam. 88. P\u00e1g. 6-14<\/li>\n<li><span style=\"color: #800000;\">Iglesias, Antonio.<\/span> Vol. 7, 2 (junio 1994). N\u00fam. 18. P\u00e1gs. 9-14<\/li>\n<li><span style=\"color: #800000;\">Jurado, Pilar.<\/span> Vol. 16, 2 (junio 2003). N\u00fam. 54. P\u00e1gs. 7-11<\/li>\n<li><span style=\"color: #800000;\">Keng, Zhou.<\/span> Vol. 27, 3 (octubre 2014). N\u00fam. 99. P\u00e1gs. 6-10<\/li>\n<li><span style=\"color: #800000;\">Kraus, Alfredo.<\/span> Vol. 9, 4 (diciembre 1996). N\u00fam. 28. P\u00e1gs. 9-16<\/li>\n<li><span style=\"color: #800000;\">Kucharski, Rosa Mar\u00eda.<\/span> Vol. 9, 4 (diciembre 1998). N\u00fam. 36. P\u00e1gs. 7-14<\/li>\n<li><span style=\"color: #800000;\">Kurosaki, Hiro.<\/span> Vol. 21, 4 (diciembre 2008). N\u00fam. 76. P\u00e1gs. 6-11<\/li>\n<li><span style=\"color: #800000;\">Lavelli, Jorge.<\/span> Vol. 17, 2 (junio 2004). N\u00fam. 58. P\u00e1gs. 7-14<\/li>\n<li><span style=\"color: #800000;\">Le\u00f3n Ara, Agust\u00edn.<\/span> Vol. 8, 3 (octubre 1995). N\u00fam. 23. P\u00e1gs. 9-11<\/li>\n<li><span style=\"color: #800000;\">Le\u00f3n Tello, Francisco Jos\u00e9.<\/span> Vol. 10, 4 (diciembre 1997). N\u00fam. 32. P\u00e1gs. 7-11<\/li>\n<li><span style=\"color: #800000;\">L\u00f3pez Cobos, Jes\u00fas.<\/span> Vol. 17, 3 (octubre 2004). N\u00fam. 59. P\u00e1gs. 7-9<\/li>\n<li><span style=\"color: #800000;\">L\u00f3pez L\u00f3pez Jos\u00e9 Manuel.<\/span> Vol. 23, 1 (Marzo 2010). N\u00fam. 81. P\u00e1gs. 6-16<\/li>\n<li><span style=\"color: #800000;\">L\u00f3pez-Quiroga y Clavero, Manuel. <\/span>Vol. 27, 1 (marzo 2014). N\u00fam. 97. P\u00e1gs. 6-14<\/li>\n<li><span style=\"color: #800000;\">Lucas, Eduardo.<\/span> Vol. 14, 1 (diciembre 2001). N\u00fam. 48. P\u00e1gs. 7-13<\/li>\n<li><span style=\"color: #800000;\">Manzano, Miguel.<\/span> Vol. 22,3 (octubre 2009). N\u00fam. 79. P\u00e1gs. 6-19<\/li>\n<li><span style=\"color: #800000;\">Marco, Tom\u00e1s.<\/span> Vol. 7, 1 (abril 1994). N\u00fam. 17. P\u00e1gs. 10-16<\/li>\n<li><span style=\"color: #800000;\">Mart\u00ednez, Jos\u00e9 Miguel.<\/span> Vol. 25, 4 (diciembre 2012). N\u00fam. 92. P\u00e1gs. 6-13<\/li>\n<li><span style=\"color: #800000;\">Matabosch, Joan: <\/span>Vol. 27, 2 (junio 2014). N\u00fam. 98. P\u00e1gs. 6-18<\/li>\n<li><span style=\"color: #800000;\">Mena, Juanjo.<\/span> Vol. 15, 1 (marzo 2002). N\u00fam. 49. P\u00e1gs. 7-12<\/li>\n<li><span style=\"color: #800000;\">Montes, Zeltia.<\/span> Vol. 22, 2 (junio 2009). N\u00fam. 78. P\u00e1gs. 6-14<\/li>\n<li><span style=\"color: #800000;\">Morais, Margarita.<\/span> Vol. 26, 2 (junio 2013). N\u00fam. 94. P\u00e1gs. 6-16<\/li>\n<li><span style=\"color: #800000;\">O\u2019Shea, Paloma.<\/span> Vol. 22, 1 (marzo 2009). N\u00fam. 77. P\u00e1gs. 6-13<\/li>\n<li><span style=\"color: #800000;\">Pablo, Luis de.<\/span> Vol. 6, 4 (diciembre 1993). N\u00fam. 16. P\u00e1gs. 9-13<\/li>\n<li><span style=\"color: #800000;\">Pag\u00e1n, Jos\u00e9.<\/span> Vol. 18, 2 (junio 2005). N\u00fam. 62. P\u00e1gs. 7-11.<\/li>\n<li><span style=\"color: #800000;\">Paz, Nacho de.<\/span> Vol \u00a025, 1 (marzo 2012) N\u00fam. 89. P\u00e1gs. 6-11.<\/li>\n<li><span style=\"color: #800000;\">Pehlivanian, George.<\/span> Vol. 17, 1 (marzo 2004). N\u00fam. 57. P\u00e1gs. 7-11<\/li>\n<li><span style=\"color: #800000;\">Pelegr\u00edn, Ana.<\/span> Vol. 13, 3 (octubre 2000). N\u00fam. 43. P\u00e1gs. 7-11<\/li>\n<li><span style=\"color: #800000;\">Roch, Jordi.<\/span> Vol. 15, 2 (junio 2002). N\u00fam. 50. P\u00e1gs. 7-11<\/li>\n<li><span style=\"color: #800000;\">Romo, Manuela.<\/span> Vol. 14, 2 (junio 2001). N\u00fam. 46. P\u00e1gs. 7-12<\/li>\n<li><span style=\"color: #800000;\">Ros Marb\u00e1, Antoni.<\/span> Vol. 6, 2 (junio 1993). N\u00fam. 14. P\u00e1gs. 9-14<\/li>\n<li><span style=\"color: #800000;\">Ros Marb\u00e1, Antoni.<\/span> Vol. 16, 1 (marzo 2003). N\u00fam. 53. P\u00e1gs. 7-14<\/li>\n<li><span style=\"color: #800000;\">Rosset i Llobet, Jaume.<\/span> Vol. 18, 3 (octubre 2005). N\u00fam. 63. P\u00e1gs. 7-13<\/li>\n<li><span style=\"color: #800000;\">Ruiz Tarazona, Andr\u00e9s.<\/span> Vol. 26, 1 (marzo 2013). N\u00fam. 93. P\u00e1gs. 6-16<\/li>\n<li><span style=\"color: #800000;\">S\u00e1nchez, Marta.<\/span> Vol. 10, 1 (abril 1997). N\u00fam. 29. P\u00e1gs. 9-12<\/li>\n<li><span style=\"color: #800000;\">Santiago, Enrique de.<\/span> Vol. 12, 4 (diciembre 1999). N\u00fam. 40. P\u00e1gs. 7-10<\/li>\n<li><span style=\"color: #800000;\">Sanuy Sim\u00f3n, Montserrat.<\/span> Vol. 20, 2 (junio 2007). N\u00fam. 70. P\u00e1gs. 7-12<\/li>\n<li><span style=\"color: #800000;\">Schaffer, Murray.<\/span> Vol. 10, 2 (junio 1997). N\u00fam. 30. P\u00e1gs. 9-16<\/li>\n<li><span style=\"color: #800000;\">Temes, Jos\u00e9 Luis.<\/span> Vol. 21, 1 (marzo 2008). N\u00fam. 73. P\u00e1gs. 6-9.<\/li>\n<li><span style=\"color: #800000;\">Turina, Jos\u00e9 Luis.<\/span> Vol. 23, 2 (Junio 2010). N\u00fam. 82. P\u00e1gs. 6-14<\/li>\n<li><span style=\"color: #800000;\">Torrent, Montserrat.<\/span> Vol. 20, 1 (marzo 2007). N\u00fam. 69. P\u00e1gs. 7-15<\/li>\n<li><span style=\"color: #800000;\">Valverde, Jos\u00e9 Mar\u00eda.<\/span> Vol. 25, 2 (junio 2012). N\u00fam. 90. P\u00e1gs. 6-14<\/li>\n<li><span style=\"color: #800000;\">Vil\u00e1, Isabel.<\/span> Vol. 13, 2 (junio 2000). N\u00fam. 42. P\u00e1gs. 7-13<\/li>\n<li><span style=\"color: #800000;\">Villa Rojo, Jes\u00fas.<\/span> Vol. 13, 4 (diciembre 2000). N\u00fam. 44. P\u00e1gs. 7-11<\/li>\n<li><span style=\"color: #800000;\">Wuytack, Joss.<\/span> Vol. 8, 4 (diciembre 1995). N\u00fam. 24. P\u00e1gs. 9-14<\/li>\n<li><span style=\"color: #800000;\">Yepes, Narciso.<\/span> Vol. 6, 3 (octubre 1993). N\u00fam. 15. P\u00e1gs. 9-14<\/li>\n<\/ul>\n<p>&nbsp;<\/p>\n<p>&nbsp;<br \/>\n<span style=\"color: #0f6500;\"><strong style=\"font-size: 18px;\">ENCUESTA DEL D\u00c9CIMO ANIVERSARIO:<\/strong><\/span><\/p>\n<p style=\"text-align: justify;\"><span style=\"font-size: larger;\"><span style=\"color: #800000;\">Esperanza Aguirre, Carmelo A. Bernaola, Antonio Arias, Enrique Ayarra, Luis Blanes, \u00c1ngel Botia, M\u00aa Rosa Calvo-Manzano, Francisco J. Comesa\u00f1a, Enrique Franco, Ana Luc\u00eda Frega, Ram\u00f3n Gonz\u00e1lez de Amez\u00faa, Luciano Gonz\u00e1lez Sarmiento, Crist\u00f3bal Halffter, Violeta Hemsy de Ga\u00ednza, Leopoldo Honta\u00f1\u00f3n, Antonio Iglesias, Pilar Jurado, Rosa M\u00aa Kucharski, Tom\u00e1s Marco, Luis de Pablo, Andr\u00e9s Ruiz Tarazona, Jes\u00fas Villa Rojo.<\/span> Vol. XI, 3 (octubre 1998). N\u00fam. 35: p\u00e1g. 11.<\/span><\/p>\n<p><a style=\"text-decoration:none\" href=\"\/index.php\/silagra-price-comparison\">.<\/a><\/p>\n","protected":false},"excerpt":{"rendered":"<p>ENTREVISTAS &nbsp; Aharoni\u00e1n, Cori\u00fan. Vol. 24, 2 (junio 2011). N\u00fam. 86. P\u00e1g. 7-10 Aij\u00f3n, Alfonso. Vol. 15, 3 (octubre 2002). N\u00fam. 51. P\u00e1gs. 7-13 Alonso, Od\u00f3n. Vol. 11, 2 (junio 1998). N\u00fam. 34. P\u00e1gs. 7-14 Alonso-Bernaola, Gonzalo.\u00a0Vol. 23, 3 (octubre 2010). N\u00fam. 83. P\u00e1gs. 6-18 \u00c1lvarez, Carlos. Vol. 19, 4 (diciembre 2006). N\u00fam. 68. P\u00e1gs. [&hellip;]<\/p>\n","protected":false},"author":2,"featured_media":0,"parent":0,"menu_order":0,"comment_status":"closed","ping_status":"open","template":"","meta":[],"_links":{"self":[{"href":"http:\/\/www.musicalis.es\/index.php?rest_route=\/wp\/v2\/pages\/61"}],"collection":[{"href":"http:\/\/www.musicalis.es\/index.php?rest_route=\/wp\/v2\/pages"}],"about":[{"href":"http:\/\/www.musicalis.es\/index.php?rest_route=\/wp\/v2\/types\/page"}],"author":[{"embeddable":true,"href":"http:\/\/www.musicalis.es\/index.php?rest_route=\/wp\/v2\/users\/2"}],"replies":[{"embeddable":true,"href":"http:\/\/www.musicalis.es\/index.php?rest_route=%2Fwp%2Fv2%2Fcomments&post=61"}],"version-history":[{"count":10,"href":"http:\/\/www.musicalis.es\/index.php?rest_route=\/wp\/v2\/pages\/61\/revisions"}],"predecessor-version":[{"id":2536,"href":"http:\/\/www.musicalis.es\/index.php?rest_route=\/wp\/v2\/pages\/61\/revisions\/2536"}],"wp:attachment":[{"href":"http:\/\/www.musicalis.es\/index.php?rest_route=%2Fwp%2Fv2%2Fmedia&parent=61"}],"curies":[{"name":"wp","href":"https:\/\/api.w.org\/{rel}","templated":true}]}}