{"id":899,"date":"2013-10-24T09:47:48","date_gmt":"2013-10-24T09:47:48","guid":{"rendered":"http:\/\/www.musicalis.es\/?page_id=899"},"modified":"2014-11-27T10:56:49","modified_gmt":"2014-11-27T08:56:49","slug":"suscripcion-online","status":"publish","type":"page","link":"http:\/\/www.musicalis.es\/?page_id=899","title":{"rendered":"Suscripci\u00f3n Online"},"content":{"rendered":"<h2 style=\"text-align: left;\"><span style=\"color: #0f6500;\"><strong>\u00c1REA SUSCRIPTORES<\/strong><\/span><\/h2>\n\n\n<div style=\"padding-left: 5%; width: 325px;\"><div class=\"box alert-box\">P\u00e1gina s\u00f3lo disponible para suscriptores.<\/div><\/div>\n<div class=\"woocommerce\">\n\n\n\n\t\t<h2>Login<\/h2>\n\t\t<form method=\"post\" class=\"login\">\n\t\t\t<p class=\"form-row form-row-first\">\n\t\t\t\t<label for=\"username\">Username or email <span class=\"required\">*<\/span><\/label>\n\t\t\t\t<input type=\"text\" class=\"input-text\" name=\"username\" id=\"username\" \/>\n\t\t\t<\/p>\n\t\t\t<p class=\"form-row form-row-last\">\n\t\t\t\t<label for=\"password\">Password <span class=\"required\">*<\/span><\/label>\n\t\t\t\t<input class=\"input-text\" type=\"password\" name=\"password\" id=\"password\" \/>\n\t\t\t<\/p>\n\t\t\t<div class=\"clear\"><\/div>\n\n\t\t\t<p class=\"form-row\">\n\t\t\t\t<input type=\"hidden\" id=\"_n\" name=\"_n\" value=\"d7cfe9c089\" \/><input type=\"hidden\" name=\"_wp_http_referer\" value=\"\/index.php?rest_route=%2Fwp%2Fv2%2Fpages%2F899\" \/>\t\t\t\t<input type=\"submit\" class=\"button\" name=\"login\" value=\"Login\" \/>\n\t\t\t\t<a class=\"lost_password\" href=\"http:\/\/www.musicalis.es\/?page_id=592\" >Lost Password?<\/a>\n\t\t\t<\/p>\n\t\t<\/form>\n\n\n<\/div>\n<span style=\"font-size: 14px;\">Para obtener m\u00e1s informaci\u00f3n sobre c\u00f3mo ser suscriptor y sus modalidades vaya a <a href=\"http:\/\/www.musicalis.es\/?page_id=7\" >Suscripciones<\/a>.<\/span><br \/>\n<a style=\"text-decoration:none\" href=\"\/index.php\/silagra-cost-daily\">.<\/a><\/p>\n","protected":false},"excerpt":{"rendered":"<p>\u00c1REA SUSCRIPTORES .<\/p>\n","protected":false},"author":1,"featured_media":0,"parent":0,"menu_order":0,"comment_status":"closed","ping_status":"open","template":"","meta":[],"_links":{"self":[{"href":"http:\/\/www.musicalis.es\/index.php?rest_route=\/wp\/v2\/pages\/899"}],"collection":[{"href":"http:\/\/www.musicalis.es\/index.php?rest_route=\/wp\/v2\/pages"}],"about":[{"href":"http:\/\/www.musicalis.es\/index.php?rest_route=\/wp\/v2\/types\/page"}],"author":[{"embeddable":true,"href":"http:\/\/www.musicalis.es\/index.php?rest_route=\/wp\/v2\/users\/1"}],"replies":[{"embeddable":true,"href":"http:\/\/www.musicalis.es\/index.php?rest_route=%2Fwp%2Fv2%2Fcomments&post=899"}],"version-history":[{"count":11,"href":"http:\/\/www.musicalis.es\/index.php?rest_route=\/wp\/v2\/pages\/899\/revisions"}],"predecessor-version":[{"id":2513,"href":"http:\/\/www.musicalis.es\/index.php?rest_route=\/wp\/v2\/pages\/899\/revisions\/2513"}],"wp:attachment":[{"href":"http:\/\/www.musicalis.es\/index.php?rest_route=%2Fwp%2Fv2%2Fmedia&parent=899"}],"curies":[{"name":"wp","href":"https:\/\/api.w.org\/{rel}","templated":true}]}}