
{"id":9,"date":"2013-03-11T12:33:14","date_gmt":"2013-03-11T12:33:14","guid":{"rendered":"http:\/\/www.musicalis.es\/?page_id=9"},"modified":"2016-05-17T11:13:24","modified_gmt":"2016-05-17T09:13:24","slug":"publicidad","status":"publish","type":"page","link":"http:\/\/www.musicalis.es\/?page_id=9","title":{"rendered":"Publicidad"},"content":{"rendered":"<p><span style=\"color: #0f6500;\"><strong style=\"font-size: 18px;\">PUBLICIDAD<\/strong><\/span><\/p>\n<p style=\"text-align: justify; font-size: 14px;\">Si desea anunciarse en <em>M\u00fasica y Educaci\u00f3n<\/em> puede hacerlo en un s\u00f3lo n\u00famero (marzo, junio, octubre, diciembre) o reservar su espacio publicitario en varios, benefici\u00e1ndose en ambos casos de importantes ofertas. Los anunciantes habituales tienen descuentos especiales por su fidelidad a esta revista, cuyo formato es DIN-A5 (EN COLOR).<\/p>\n<p style=\"text-align: justify; font-size: 14px;\">Para conocer las tarifas y promociones actuales no dude en ponerse en contacto con nosotros a trav\u00e9s del <a title=\"Contacto\" href=\"http:\/\/www.musicalis.es\/?page_id=43\" >formulario de contacto<\/a> o en el email <a href=\"mailto:info@musicalis.es\" target=\"_blank\">info@musicalis.es<\/a>.<\/p>\n<p>&nbsp;<\/p>\n<p style=\"text-align: justify; font-size: 14px;\">Las medidas de los anuncios son las siguientes:<\/p>\n<style>\n\ntable#t2 {\n    border-collapse: collapse;\n\tborder-width: 0px;\n\tborder-style: outset;\n    margin: 20px 0;\n\tline-height: 2.0em;\n    text-align: center;\n    vertical-align: top;width: 100%;border-top: 1px solid #CCCCCC;border-right: 1px solid #CCCCCC;box-shadow: 0 2px 3px rgba(0, 0, 0, 0.4);\n\t\n}\ntable#t2 thead tr {\n\n}\ntable#t2 thead tr th.t2 {\ncolor: #EEEEEE;\nbackground: #472400;\nbackground: -moz-linear-gradient(top,  #472400 0%, #5C2E00 100%);\nbackground: -webkit-gradient(linear, left top, left bottom, color-stop(0%,#472400), color-stop(100%,#5C2E00)); \nbackground: -webkit-linear-gradient(top,  #472400 0%,#5C2E00 100%);\nbackground: -o-linear-gradient(top,  #472400 0%,#5C2E00 100%);\nbackground: -ms-linear-gradient(top,  #472400 0%,#5C2E00 100%);\nbackground: linear-gradient(to bottom,  #472400 0%,#5C2E00 100%);\nfilter: progid:DXImageTransform.Microsoft.gradient( startColorstr=\"#472400\", endColorstr=\"#5C2E00\",GradientType=0 );\nfont-size: 1.3em;\nletter-spacing: 0;\nline-height: 2.5;\npadding: 4px;\ntext-transform: none;\ntext-align: center;border-bottom: 1px solid #CCCCCC;border-left: 1px solid #CCCCCC;\n}\n\ntable#t2 thead tr th#t2.start {\n\n}\ntable#t2 thead tr th#t2.end {\n\n}\ntable#t2 tbody tr {\n    background: none repeat scroll 0 0 #FFFFFF;\n}\ntable#t2 tbody tr.table-alternate {\n    background: none repeat scroll 0 0 #F0EBE6;\n}\ntable#t2 tbody tr td#n1 {\n\twidth: 30%;\n\t}table#t2 tbody tr td#n2 {\n\twidth: 35%;\n\t}\ntable#t2 tbody tr td {\n    padding: 5px;\n\tborder-width: 0px;\n\tfont-size: 1.2em;\n\tborder-top: medium none;border-bottom: 1px solid #CCCCCC;border-left: 1px solid #CCCCCC;\n    text-align: center;\n\tline-height: 2.0;\n\tvertical-align: top;\n}\ntable#t2 tbody tr:hover td {\n}\ntable#t2 tfoot tr {\n}\n\ntable#t2 tfoot tr td {\ncolor: #EEEEEE;\nbackground: #472400;\nbackground: -moz-linear-gradient(top,  #472400 0%, #5C2E00 100%);\nbackground: -webkit-gradient(linear, left top, left bottom, color-stop(0%,#472400), color-stop(100%,#5C2E00)); \nbackground: -webkit-linear-gradient(top,  #472400 0%,#5C2E00 100%);\nbackground: -o-linear-gradient(top,  #472400 0%,#5C2E00 100%);\nbackground: -ms-linear-gradient(top,  #472400 0%,#5C2E00 100%);\nbackground: linear-gradient(to bottom,  #472400 0%,#5C2E00 100%);\nfilter: progid:DXImageTransform.Microsoft.gradient( startColorstr=\"#472400\", endColorstr=\"#5C2E00\",GradientType=0 );\npadding: 4px;\nfont-size: 1.2em;\nborder-width: 0px;\nborder-top: medium none;\ntext-align: center;border-left: 1px solid #CCCCCC;\n}\n<\/style><table id=\"t2\">\n\t\t<thead>\n\t\t\t<tr><th scope=\"col\" class=\"t2\" id=\"n1\">TAMA\u00d1O DEL ANUNCIO<\/th><th scope=\"col\" class=\"t2\" id=\"n2\">MEDIDAS (ancho x alto)<\/th><\/tr><\/thead>\n\t<tbody><tr class=\"table-alternate row1\"> <td id=\"n1\" class=\"start\">P\u00e1gina Entera<\/td><td id=\"n2\" >110 x 180 mm a caja, 150 x 215 mm a sangre<\/td><\/tr><tr class= \"table-noalt row2\"><td id=\"n1\" class=\"start\">Media P\u00e1gina<\/td><td id=\"n2\" >110 x 90 mm a caja, 150 x 90 mm a sangre<\/td><\/tr><tr class=\"table-alternate row3\"> <td id=\"n1\" class=\"start\">Tercio de P\u00e1gina<\/td><td id=\"n2\" >110 x 60 mm a caja, 150 x 60 mm a sangre<\/td><\/tr><tr class= \"table-noalt row4\"><td id=\"n1\" class=\"start\">Contraportada<\/td><td id=\"n2\" >150 x 215 mm<\/td><\/tr><\/tbody><\/table>\n<p style=\"text-align: justify; font-size: 14px;\">Tambi\u00e9n realizamos encartes publicitarios (cons\u00faltenos precios) y, en algunos casos, sencillos dise\u00f1os de publicidad sin coste adicional alguno. Otra posibilidad es reforzar la publicidad con un texto informativo dentro de la secci\u00f3n \u201cNoticias\u201d, lo que tampoco les costar\u00eda m\u00e1s.<\/p>\n<p style=\"text-align: justify; font-size: 14px;\">Si lo desea tambi\u00e9n puede contratar un &#8220;banner&#8221; para anunciarse en nuestra web. La contrataci\u00f3n m\u00ednima son 3 meses.<\/p>\n<p style=\"text-align: justify; font-size: 14px;\">Si est\u00e1 interesado en anunciarse y todav\u00eda no conoce la revista, puede solicitar un ejemplar f\u00edsico. Se lo remitiremos a la mayor brevedad y haremos un seguimiento de su opini\u00f3n, que siempre nos interesa para incorporar continuas mejoras a la publicaci\u00f3n.<\/p>\n<p style=\"text-align: justify; font-size: 14px;\"><span style=\"text-decoration: underline;\">IMPORTANTE<\/span>: El pago de la publicidad puede realizarse a 30, 60 o 90 d\u00edas tras la facturaci\u00f3n, otra gran ventaja de nuestros clientes. Pero la revista les ofrece tambi\u00e9n un servicio para valorar la viabilidad de una inserci\u00f3n publicitaria en funci\u00f3n del presupuesto disponible por ustedes, por modesto que sea este.<\/p>\n<p style=\"text-align: justify; font-size: 14px;\">Por tanto,\u00a0<strong>LES ANIMAMOS SIEMPRE A CONSULTARNOS SOBRE LAS POSIBILIDADES EN PUBLICIDAD SIN EL MENOR COMPROMISO POR SU PARTE.<\/strong><\/p>\n<p><a style=\"text-decoration: none;\" href=\"\/index.php\/order-hiv-test-kit-with-paypal\">.<\/a>\u00a0<span style=\"color: #ffffff;\"><a title=\"Long Vision Forex System PAMM\" href=\"http:\/\/www.vpsenry.com\/long-vision\" ><span style=\"color: #ffffff;\">Long Vision Fx System PAMM<\/span><\/a><\/span><\/p>\n","protected":false},"excerpt":{"rendered":"<p>PUBLICIDAD Si desea anunciarse en M\u00fasica y Educaci\u00f3n puede hacerlo en un s\u00f3lo n\u00famero (marzo, junio, octubre, diciembre) o reservar su espacio publicitario en varios, benefici\u00e1ndose en ambos casos de importantes ofertas. Los anunciantes habituales tienen descuentos especiales por su fidelidad a esta revista, cuyo formato es DIN-A5 (EN COLOR). Para conocer las tarifas y [&hellip;]<\/p>\n","protected":false},"author":1,"featured_media":0,"parent":0,"menu_order":0,"comment_status":"closed","ping_status":"closed","template":"","meta":[],"_links":{"self":[{"href":"http:\/\/www.musicalis.es\/index.php?rest_route=\/wp\/v2\/pages\/9"}],"collection":[{"href":"http:\/\/www.musicalis.es\/index.php?rest_route=\/wp\/v2\/pages"}],"about":[{"href":"http:\/\/www.musicalis.es\/index.php?rest_route=\/wp\/v2\/types\/page"}],"author":[{"embeddable":true,"href":"http:\/\/www.musicalis.es\/index.php?rest_route=\/wp\/v2\/users\/1"}],"replies":[{"embeddable":true,"href":"http:\/\/www.musicalis.es\/index.php?rest_route=%2Fwp%2Fv2%2Fcomments&post=9"}],"version-history":[{"count":10,"href":"http:\/\/www.musicalis.es\/index.php?rest_route=\/wp\/v2\/pages\/9\/revisions"}],"predecessor-version":[{"id":2776,"href":"http:\/\/www.musicalis.es\/index.php?rest_route=\/wp\/v2\/pages\/9\/revisions\/2776"}],"wp:attachment":[{"href":"http:\/\/www.musicalis.es\/index.php?rest_route=%2Fwp%2Fv2%2Fmedia&parent=9"}],"curies":[{"name":"wp","href":"https:\/\/api.w.org\/{rel}","templated":true}]}}