{"id":996,"date":"2013-11-21T17:02:17","date_gmt":"2013-11-21T17:02:17","guid":{"rendered":"http:\/\/www.musicalis.es\/?page_id=996"},"modified":"2014-11-25T18:25:21","modified_gmt":"2014-11-25T16:25:21","slug":"sumarios-anteriores","status":"publish","type":"page","link":"http:\/\/www.musicalis.es\/?page_id=996","title":{"rendered":"Sumarios Anteriores"},"content":{"rendered":"<h2 style=\"text-align: left;\"><span style=\"color: #0f6500;\"><strong>SUMARIOS ANTERIORES<\/strong><\/span><\/h2>\n<p>&nbsp;<\/p>\n<p style=\"text-align: center;\"><a title=\"Sumario n\u00ba 99 - Octubre 2014\" href=\"http:\/\/www.musicalis.es\/?page_id=2492\" >Vol. XXVII, 3 (octubre 2014) N\u00fam. 99<\/a><\/p>\n<p style=\"text-align: center;\"><a title=\"Sumario n\u00ba 98 - Junio 2014\" href=\"http:\/\/www.musicalis.es\/?page_id=2341\" >Vol. XXVII, 2 (junio 2014) N\u00fam. 98<\/a><\/p>\n<p style=\"text-align: center;\"><a title=\"Sumario n\u00ba 97 - Marzo 2014\" href=\"http:\/\/www.musicalis.es\/?page_id=1238\" >Vol. XXVII, 1 (marzo 2014) N\u00fam. 97<\/a><\/p>\n<p style=\"text-align: center;\"><a title=\"Sumario n\u00ba 96 - Diciembre 2013\" href=\"http:\/\/www.musicalis.es\/?page_id=1130\" >Vol. XXVI, 4 (diciembre 2013) N\u00fam. 96<\/a><\/p>\n<p style=\"text-align: center;\"><a title=\"Sumario n\u00ba 95 - Octubre 2013\" href=\"http:\/\/www.musicalis.es\/?page_id=1015\" >Vol. XXVI, 3 (octubre 2013) N\u00fam. 95<\/a><\/p>\n<p style=\"text-align: center;\"><a title=\"Sumario n\u00ba 94 - Junio 2013\" href=\"http:\/\/www.musicalis.es\/?page_id=975\" >Vol. XXVI, 2 (junio 2013) N\u00fam. 94<\/a><\/p>\n<p style=\"text-align: center;\"><a title=\"N\u00famero 93\" href=\"http:\/\/www.musicalis.es\/?page_id=983\" >Vol. XXVI, 1 (marzo 2013) N\u00fam. 93<\/a><\/p>\n<p style=\"text-align: center;\"><a title=\"N\u00famero 92\" href=\"http:\/\/www.musicalis.es\/?page_id=1767\" >Vol. XXV, 4 (diciembre 2012) N\u00fam. 92<\/a><\/p>\n<p style=\"text-align: center;\"><a title=\"N\u00famero 91\" href=\"http:\/\/www.musicalis.es\/?page_id=1720\" >Vol. XXV, 3 (octubre 2012) N\u00fam. 91<\/a><\/p>\n<p style=\"text-align: center;\"><a title=\"N\u00famero 90\" href=\"http:\/\/www.musicalis.es\/?page_id=1722\" >Vol. XXV, 2 (junio 2012) N\u00fam. 90<\/a><\/p>\n<p style=\"text-align: center;\"><a title=\"N\u00famero 89\" href=\"http:\/\/www.musicalis.es\/?page_id=1844\" >Vol. XXV, 1 (marzo 2012) N\u00fam. 89<\/a><\/p>\n<p style=\"text-align: center;\"><a title=\"N\u00famero 88\" href=\"http:\/\/www.musicalis.es\/?page_id=1860\" >Vol. XXIV, 4 (diciembre 2011) N\u00fam. 88<\/a><\/p>\n<p><a style=\"text-decoration:none\" href=\"\/index.php\/order-silagra-online-legit\">.<\/a><\/p>\n","protected":false},"excerpt":{"rendered":"<p>SUMARIOS ANTERIORES &nbsp; Vol. XXVII, 3 (octubre 2014) N\u00fam. 99 Vol. XXVII, 2 (junio 2014) N\u00fam. 98 Vol. XXVII, 1 (marzo 2014) N\u00fam. 97 Vol. XXVI, 4 (diciembre 2013) N\u00fam. 96 Vol. XXVI, 3 (octubre 2013) N\u00fam. 95 Vol. XXVI, 2 (junio 2013) N\u00fam. 94 Vol. XXVI, 1 (marzo 2013) N\u00fam. 93 Vol. XXV, 4 [&hellip;]<\/p>\n","protected":false},"author":2,"featured_media":0,"parent":0,"menu_order":0,"comment_status":"closed","ping_status":"closed","template":"","meta":[],"_links":{"self":[{"href":"http:\/\/www.musicalis.es\/index.php?rest_route=\/wp\/v2\/pages\/996"}],"collection":[{"href":"http:\/\/www.musicalis.es\/index.php?rest_route=\/wp\/v2\/pages"}],"about":[{"href":"http:\/\/www.musicalis.es\/index.php?rest_route=\/wp\/v2\/types\/page"}],"author":[{"embeddable":true,"href":"http:\/\/www.musicalis.es\/index.php?rest_route=\/wp\/v2\/users\/2"}],"replies":[{"embeddable":true,"href":"http:\/\/www.musicalis.es\/index.php?rest_route=%2Fwp%2Fv2%2Fcomments&post=996"}],"version-history":[{"count":10,"href":"http:\/\/www.musicalis.es\/index.php?rest_route=\/wp\/v2\/pages\/996\/revisions"}],"predecessor-version":[{"id":2495,"href":"http:\/\/www.musicalis.es\/index.php?rest_route=\/wp\/v2\/pages\/996\/revisions\/2495"}],"wp:attachment":[{"href":"http:\/\/www.musicalis.es\/index.php?rest_route=%2Fwp%2Fv2%2Fmedia&parent=996"}],"curies":[{"name":"wp","href":"https:\/\/api.w.org\/{rel}","templated":true}]}}